{"id":12347,"date":"2025-03-27T10:47:20","date_gmt":"2025-03-27T09:47:20","guid":{"rendered":"https:\/\/www.kistamassan.se\/current-news\/"},"modified":"2025-12-19T13:29:53","modified_gmt":"2025-12-19T12:29:53","slug":"current-news","status":"publish","type":"page","link":"https:\/\/www.kistamassan.se\/en\/current-news\/","title":{"rendered":"Current news"},"content":{"rendered":"\t\t<div data-elementor-type=\"wp-page\" data-elementor-id=\"12347\" class=\"elementor elementor-12347 elementor-11188\" data-elementor-post-type=\"page\">\n\t\t\t\t\t\t<section class=\"elementor-section elementor-top-section elementor-element elementor-element-6fcd7c4 elementor-section-boxed elementor-section-height-default elementor-section-height-default\" data-id=\"6fcd7c4\" data-element_type=\"section\" data-settings=\"{&quot;background_background&quot;:&quot;classic&quot;}\">\n\t\t\t\t\t\t\t<div class=\"elementor-background-overlay\"><\/div>\n\t\t\t\t\t\t\t<div class=\"elementor-container elementor-column-gap-default\">\n\t\t\t\t\t<div class=\"elementor-column elementor-col-100 elementor-top-column elementor-element elementor-element-4a03690\" data-id=\"4a03690\" data-element_type=\"column\">\n\t\t\t<div class=\"elementor-widget-wrap elementor-element-populated\">\n\t\t\t\t\t\t<div class=\"elementor-element elementor-element-bfc47f1 elementor-widget elementor-widget-spacer\" data-id=\"bfc47f1\" data-element_type=\"widget\" data-widget_type=\"spacer.default\">\n\t\t\t\t<div class=\"elementor-widget-container\">\n\t\t\t\t\t\t\t<div class=\"elementor-spacer\">\n\t\t\t<div class=\"elementor-spacer-inner\"><\/div>\n\t\t<\/div>\n\t\t\t\t\t\t<\/div>\n\t\t\t\t<\/div>\n\t\t\t\t\t<\/div>\n\t\t<\/div>\n\t\t\t\t\t<\/div>\n\t\t<\/section>\n\t\t\t\t<section class=\"elementor-section elementor-top-section elementor-element elementor-element-27c6503 elementor-section-boxed elementor-section-height-default elementor-section-height-default\" data-id=\"27c6503\" data-element_type=\"section\" data-settings=\"{&quot;background_background&quot;:&quot;classic&quot;}\">\n\t\t\t\t\t\t<div class=\"elementor-container elementor-column-gap-default\">\n\t\t\t\t\t<div class=\"elementor-column elementor-col-100 elementor-top-column elementor-element elementor-element-e807b7e\" data-id=\"e807b7e\" data-element_type=\"column\">\n\t\t\t<div class=\"elementor-widget-wrap elementor-element-populated\">\n\t\t\t\t\t\t<section class=\"elementor-section elementor-inner-section elementor-element elementor-element-245ea09 elementor-section-boxed elementor-section-height-default elementor-section-height-default\" data-id=\"245ea09\" data-element_type=\"section\">\n\t\t\t\t\t\t<div class=\"elementor-container elementor-column-gap-default\">\n\t\t\t\t\t<div class=\"elementor-column elementor-col-100 elementor-inner-column elementor-element elementor-element-013e45e\" data-id=\"013e45e\" data-element_type=\"column\" data-settings=\"{&quot;background_background&quot;:&quot;classic&quot;}\">\n\t\t\t<div class=\"elementor-widget-wrap elementor-element-populated\">\n\t\t\t\t\t\t<div class=\"elementor-element elementor-element-2d265af elementor-widget elementor-widget-heading\" data-id=\"2d265af\" data-element_type=\"widget\" data-widget_type=\"heading.default\">\n\t\t\t\t<div class=\"elementor-widget-container\">\n\t\t\t\t\t<h1 class=\"elementor-heading-title elementor-size-default\">Current news<\/h1>\t\t\t\t<\/div>\n\t\t\t\t<\/div>\n\t\t\t\t<div class=\"elementor-element elementor-element-5e52e46 elementor-widget__width-initial elementor-widget elementor-widget-text-editor\" data-id=\"5e52e46\" data-element_type=\"widget\" data-widget_type=\"text-editor.default\">\n\t\t\t\t<div class=\"elementor-widget-container\">\n\t\t\t\t\t\t\t\t\t<p>Stay updated with the latest from Kistam\u00e4ssan \u2013 news on events, interviews, and facility updates.<\/p>\n\t\t\t\t\t\t\t\t<\/div>\n\t\t\t\t<\/div>\n\t\t\t\t\t<\/div>\n\t\t<\/div>\n\t\t\t\t\t<\/div>\n\t\t<\/section>\n\t\t\t\t<div class=\"elementor-element elementor-element-97c3d2a elementor-grid-3 elementor-grid-tablet-2 elementor-grid-mobile-1 elementor-posts--thumbnail-header elementor-card-shadow-yes elementor-posts__hover-gradient elementor-widget elementor-widget-posts\" data-id=\"97c3d2a\" data-element_type=\"widget\" data-settings=\"{&quot;pagination_type&quot;:&quot;numbers_and_prev_next&quot;,&quot;cards_wex_columns&quot;:&quot;3&quot;,&quot;cards_wex_columns_tablet&quot;:&quot;2&quot;,&quot;cards_wex_columns_mobile&quot;:&quot;1&quot;,&quot;cards_wex_row_gap&quot;:{&quot;unit&quot;:&quot;px&quot;,&quot;size&quot;:35,&quot;sizes&quot;:[]},&quot;cards_wex_row_gap_tablet&quot;:{&quot;unit&quot;:&quot;px&quot;,&quot;size&quot;:&quot;&quot;,&quot;sizes&quot;:[]},&quot;cards_wex_row_gap_mobile&quot;:{&quot;unit&quot;:&quot;px&quot;,&quot;size&quot;:&quot;&quot;,&quot;sizes&quot;:[]}}\" data-widget_type=\"posts.cards_wex\">\n\t\t\t\t<div class=\"elementor-widget-container\">\n\t\t\t\t\t\t\t<div class=\"elementor-posts-container elementor-posts elementor-posts--skin-cards elementor-grid\" role=\"list\">\n\t\t\t\t<article class=\"elementor-post elementor-grid-item post-14649 post type-post status-publish format-standard has-post-thumbnail hentry category-nyheter\" role=\"listitem\">\n\t\t\t<div class=\"elementor-post__card\">\n\t\t        <a class=\"elementor-post__thumbnail__link\" href=\"https:\/\/www.kistamassan.se\/en\/easyfairs-has-published-its-new-sustainability-report-for-2025\/\">\n            <div class=\"elementor-post__thumbnail\"><img fetchpriority=\"high\" decoding=\"async\" width=\"768\" height=\"432\" src=\"https:\/\/easyfairsassets.com\/sites\/107\/2026\/04\/Namnlos-1920-x-1080-px-768x432.jpg\" class=\"attachment-medium_large size-medium_large wp-image-14635\" alt=\"personer som \u00e4r glada\" srcset=\"https:\/\/easyfairsassets.com\/sites\/107\/2026\/04\/Namnlos-1920-x-1080-px-768x432.jpg 768w, https:\/\/easyfairsassets.com\/sites\/107\/2026\/04\/Namnlos-1920-x-1080-px-300x169.jpg 300w, https:\/\/easyfairsassets.com\/sites\/107\/2026\/04\/Namnlos-1920-x-1080-px-1024x576.jpg 1024w, https:\/\/easyfairsassets.com\/sites\/107\/2026\/04\/Namnlos-1920-x-1080-px-1536x864.jpg 1536w, https:\/\/easyfairsassets.com\/sites\/107\/2026\/04\/Namnlos-1920-x-1080-px.jpg 1920w\" sizes=\"(max-width: 768px) 100vw, 768px\" \/><\/div>\n        <\/a>\n        \t\t<div class=\"elementor-post__text\">\n\t\t\t\t<h3 class=\"elementor-post__title\">\n\t\t\t<a href=\"https:\/\/www.kistamassan.se\/en\/easyfairs-has-published-its-new-sustainability-report-for-2025\/\" >\n\t\t\t\tEasyfairs has published its new sustainability report for 2025\t\t\t<\/a>\n\t\t<\/h3>\n\t\t        <a href=\"https:\/\/www.kistamassan.se\/en\/easyfairs-has-published-its-new-sustainability-report-for-2025\/\" class=\"elementor-post__excerpt\">\n            <p>Eastfairs sustainability report for 2025 shows that the Nordic region is making a contribution when it comes to sustainable events \u2013 and our venues, Kistam\u00e4ssan and Malm\u00f6m\u00e4ssan, along with our production company Nordic Expo Service, are a key part of this.<\/p>\n        <\/a>\n        \t\t\t<div class=\"elementor-post__read-more-wrapper\">\n\t\t\n\t\t<a class=\"elementor-post__read-more\" href=\"https:\/\/www.kistamassan.se\/en\/easyfairs-has-published-its-new-sustainability-report-for-2025\/\" aria-label=\"Read more about Easyfairs has published its new sustainability report for 2025\" tabindex=\"-1\" >\n\t\t\tL\u00e4s mer \u00bb\t\t<\/a>\n\n\t\t\t\t\t<\/div>\n\t\t\t\t<\/div>\n\t\t\t\t\t<\/div>\n\t\t<\/article>\n\t\t\t\t<article class=\"elementor-post elementor-grid-item post-12386 post type-post status-publish format-standard has-post-thumbnail hentry category-interview\" role=\"listitem\">\n\t\t\t<div class=\"elementor-post__card\">\n\t\t        <a class=\"elementor-post__thumbnail__link\" href=\"https:\/\/www.kistamassan.se\/en\/interview-with-the-founder-behind-the-data-innovation-summit\/\">\n            <div class=\"elementor-post__thumbnail\"><img decoding=\"async\" width=\"768\" height=\"512\" src=\"https:\/\/easyfairsassets.com\/sites\/107\/2025\/03\/People-768x512.jpg\" class=\"attachment-medium_large size-medium_large wp-image-12258\" alt=\"\" srcset=\"https:\/\/easyfairsassets.com\/sites\/107\/2025\/03\/People-768x512.jpg 768w, https:\/\/easyfairsassets.com\/sites\/107\/2025\/03\/People-300x200.jpg 300w, https:\/\/easyfairsassets.com\/sites\/107\/2025\/03\/People.jpg 880w\" sizes=\"(max-width: 768px) 100vw, 768px\" \/><\/div>\n        <\/a>\n        \t\t<div class=\"elementor-post__text\">\n\t\t\t\t<h3 class=\"elementor-post__title\">\n\t\t\t<a href=\"https:\/\/www.kistamassan.se\/en\/interview-with-the-founder-behind-the-data-innovation-summit\/\" >\n\t\t\t\tInterview with the founder behind the Data Innovation Summit\t\t\t<\/a>\n\t\t<\/h3>\n\t\t        <a href=\"https:\/\/www.kistamassan.se\/en\/interview-with-the-founder-behind-the-data-innovation-summit\/\" class=\"elementor-post__excerpt\">\n            <p>Goran Cvetanovski is the Founder and CEO of Hyperight AB, the visionary organization behind the Data Innovation Summit. With over a decade at the helm as a Founder and Editorial Director, Goran has played a pivotal role in curating, shaping, and scaling the summit into one of the world\u2019s foremost platforms for data, analytics, and AI professionals. Under his leadership, the event has evolved from a regional gathering into a truly global movement, with editions now hosted in Stockholm, Dubai, Singapore, and Melbourne.<\/p>\n        <\/a>\n        \t\t\t<div class=\"elementor-post__read-more-wrapper\">\n\t\t\n\t\t<a class=\"elementor-post__read-more\" href=\"https:\/\/www.kistamassan.se\/en\/interview-with-the-founder-behind-the-data-innovation-summit\/\" aria-label=\"Read more about Interview with the founder behind the Data Innovation Summit\" tabindex=\"-1\" >\n\t\t\tL\u00e4s mer \u00bb\t\t<\/a>\n\n\t\t\t\t\t<\/div>\n\t\t\t\t<\/div>\n\t\t\t\t\t<\/div>\n\t\t<\/article>\n\t\t\t\t<article class=\"elementor-post elementor-grid-item post-12384 post type-post status-publish format-standard has-post-thumbnail hentry category-news-en-2\" role=\"listitem\">\n\t\t\t<div class=\"elementor-post__card\">\n\t\t        <a class=\"elementor-post__thumbnail__link\" href=\"https:\/\/www.kistamassan.se\/en\/customisation-and-sustainability-in-the-forefront-at-kistamassan\/\">\n            <div class=\"elementor-post__thumbnail\"><img decoding=\"async\" width=\"768\" height=\"512\" src=\"https:\/\/easyfairsassets.com\/sites\/107\/2025\/02\/beMatrix-inspirational-picture-of-stand-with-beMatrix-Modular-System_1-768x512.jpg\" class=\"attachment-medium_large size-medium_large wp-image-12341\" alt=\"\" srcset=\"https:\/\/easyfairsassets.com\/sites\/107\/2025\/02\/beMatrix-inspirational-picture-of-stand-with-beMatrix-Modular-System_1-768x512.jpg 768w, https:\/\/easyfairsassets.com\/sites\/107\/2025\/02\/beMatrix-inspirational-picture-of-stand-with-beMatrix-Modular-System_1-300x200.jpg 300w, https:\/\/easyfairsassets.com\/sites\/107\/2025\/02\/beMatrix-inspirational-picture-of-stand-with-beMatrix-Modular-System_1-1024x683.jpg 1024w, https:\/\/easyfairsassets.com\/sites\/107\/2025\/02\/beMatrix-inspirational-picture-of-stand-with-beMatrix-Modular-System_1-1536x1024.jpg 1536w, https:\/\/easyfairsassets.com\/sites\/107\/2025\/02\/beMatrix-inspirational-picture-of-stand-with-beMatrix-Modular-System_1.jpg 1782w\" sizes=\"(max-width: 768px) 100vw, 768px\" \/><\/div>\n        <\/a>\n        \t\t<div class=\"elementor-post__text\">\n\t\t\t\t<h3 class=\"elementor-post__title\">\n\t\t\t<a href=\"https:\/\/www.kistamassan.se\/en\/customisation-and-sustainability-in-the-forefront-at-kistamassan\/\" >\n\t\t\t\tCustomisation and sustainability in the forefront at Kistam\u00e4ssan\t\t\t<\/a>\n\t\t<\/h3>\n\t\t        <a href=\"https:\/\/www.kistamassan.se\/en\/customisation-and-sustainability-in-the-forefront-at-kistamassan\/\" class=\"elementor-post__excerpt\">\n            <p>Easyfairs, a leading player in the event and exhibition industry, will start to build all exhibition stands using the beMatrix modular system for events at its Kistam\u00e4ssan venue. This strategic move is a crucial step in Easyfairs\u2019 ongoing commitment to pushing the boundaries of the event industry, enhancing customers&#8217; experience and advancing environmental initiatives.<\/p>\n        <\/a>\n        \t\t\t<div class=\"elementor-post__read-more-wrapper\">\n\t\t\n\t\t<a class=\"elementor-post__read-more\" href=\"https:\/\/www.kistamassan.se\/en\/customisation-and-sustainability-in-the-forefront-at-kistamassan\/\" aria-label=\"Read more about Customisation and sustainability in the forefront at Kistam\u00e4ssan\" tabindex=\"-1\" >\n\t\t\tL\u00e4s mer \u00bb\t\t<\/a>\n\n\t\t\t\t\t<\/div>\n\t\t\t\t<\/div>\n\t\t\t\t\t<\/div>\n\t\t<\/article>\n\t\t\t\t<article class=\"elementor-post elementor-grid-item post-12380 post type-post status-publish format-standard has-post-thumbnail hentry category-news-en-2\" role=\"listitem\">\n\t\t\t<div class=\"elementor-post__card\">\n\t\t        <a class=\"elementor-post__thumbnail__link\" href=\"https:\/\/www.kistamassan.se\/en\/susa-certification\/\">\n            <div class=\"elementor-post__thumbnail\"><img loading=\"lazy\" decoding=\"async\" width=\"768\" height=\"461\" src=\"https:\/\/easyfairsassets.com\/sites\/107\/2024\/02\/susa-768x461.jpg\" class=\"attachment-medium_large size-medium_large wp-image-9518\" alt=\"\" srcset=\"https:\/\/easyfairsassets.com\/sites\/107\/2024\/02\/susa-768x461.jpg 768w, https:\/\/easyfairsassets.com\/sites\/107\/2024\/02\/susa-300x180.jpg 300w, https:\/\/easyfairsassets.com\/sites\/107\/2024\/02\/susa.jpg 800w\" sizes=\"(max-width: 768px) 100vw, 768px\" \/><\/div>\n        <\/a>\n        \t\t<div class=\"elementor-post__text\">\n\t\t\t\t<h3 class=\"elementor-post__title\">\n\t\t\t<a href=\"https:\/\/www.kistamassan.se\/en\/susa-certification\/\" >\n\t\t\t\tSUSA-certification\t\t\t<\/a>\n\t\t<\/h3>\n\t\t        <a href=\"https:\/\/www.kistamassan.se\/en\/susa-certification\/\" class=\"elementor-post__excerpt\">\n            <p>Sustainability is at the heart of our operations, and we are proud to once again have our SUSA certification renewed. Year after year, this certification affirms our commitment to environmental responsibility and sustainable practices, and we continue to enhance our venues to reduce our environmental impact.<\/p>\n        <\/a>\n        \t\t\t<div class=\"elementor-post__read-more-wrapper\">\n\t\t\n\t\t<a class=\"elementor-post__read-more\" href=\"https:\/\/www.kistamassan.se\/en\/susa-certification\/\" aria-label=\"Read more about SUSA-certification\" tabindex=\"-1\" >\n\t\t\tL\u00e4s mer \u00bb\t\t<\/a>\n\n\t\t\t\t\t<\/div>\n\t\t\t\t<\/div>\n\t\t\t\t\t<\/div>\n\t\t<\/article>\n\t\t\t\t<article class=\"elementor-post elementor-grid-item post-12378 post type-post status-publish format-standard has-post-thumbnail hentry category-news-en-2\" role=\"listitem\">\n\t\t\t<div class=\"elementor-post__card\">\n\t\t        <a class=\"elementor-post__thumbnail__link\" href=\"https:\/\/www.kistamassan.se\/en\/net-zero-carbon-events\/\">\n            <div class=\"elementor-post__thumbnail\"><img loading=\"lazy\" decoding=\"async\" width=\"768\" height=\"461\" src=\"https:\/\/easyfairsassets.com\/sites\/107\/2024\/02\/NZCE-pledge-880x480-1-768x461.jpg\" class=\"attachment-medium_large size-medium_large wp-image-9333\" alt=\"\" srcset=\"https:\/\/easyfairsassets.com\/sites\/107\/2024\/02\/NZCE-pledge-880x480-1-768x461.jpg 768w, https:\/\/easyfairsassets.com\/sites\/107\/2024\/02\/NZCE-pledge-880x480-1-300x180.jpg 300w, https:\/\/easyfairsassets.com\/sites\/107\/2024\/02\/NZCE-pledge-880x480-1.jpg 800w\" sizes=\"(max-width: 768px) 100vw, 768px\" \/><\/div>\n        <\/a>\n        \t\t<div class=\"elementor-post__text\">\n\t\t\t\t<h3 class=\"elementor-post__title\">\n\t\t\t<a href=\"https:\/\/www.kistamassan.se\/en\/net-zero-carbon-events\/\" >\n\t\t\t\tNet Zero Carbon Events\t\t\t<\/a>\n\t\t<\/h3>\n\t\t        <a href=\"https:\/\/www.kistamassan.se\/en\/net-zero-carbon-events\/\" class=\"elementor-post__excerpt\">\n            <p>As part of the Easyfairs Group, we are a proud member of the global initiative Net Zero Carbon Events. Through this commitment, we are determined to achieve net-zero emissions by 2050 and halve our greenhouse gas emissions by 2030.<\/p>\n        <\/a>\n        \t\t\t<div class=\"elementor-post__read-more-wrapper\">\n\t\t\n\t\t<a class=\"elementor-post__read-more\" href=\"https:\/\/www.kistamassan.se\/en\/net-zero-carbon-events\/\" aria-label=\"Read more about Net Zero Carbon Events\" tabindex=\"-1\" >\n\t\t\tL\u00e4s mer \u00bb\t\t<\/a>\n\n\t\t\t\t\t<\/div>\n\t\t\t\t<\/div>\n\t\t\t\t\t<\/div>\n\t\t<\/article>\n\t\t\t\t<\/div>\n\t\t\n\t\t\t\t\t\t<\/div>\n\t\t\t\t<\/div>\n\t\t\t\t\t<\/div>\n\t\t<\/div>\n\t\t\t\t\t<\/div>\n\t\t<\/section>\n\t\t\t\t<\/div>\n\t\t","protected":false},"excerpt":{"rendered":"<p>Current news Stay updated with the latest from Kistam\u00e4ssan \u2013 news on events, interviews, and facility updates.<\/p>\n","protected":false},"author":1294,"featured_media":0,"parent":0,"menu_order":0,"comment_status":"closed","ping_status":"closed","template":"","meta":{"_seopress_robots_primary_cat":"","_seopress_titles_title":"News & Updates | Kistam\u00e4ssan","_seopress_titles_desc":"Here you\u2019ll find the latest news from Kistam\u00e4ssan \u2013 stay updated on upcoming events, industry trends, and exciting initiatives in innovation, sustainability and experiences. Read more here!","_seopress_robots_index":"","footnotes":""},"class_list":["post-12347","page","type-page","status-publish","hentry"],"_links":{"self":[{"href":"https:\/\/www.kistamassan.se\/en\/wp-json\/wp\/v2\/pages\/12347","targetHints":{"allow":["GET"]}}],"collection":[{"href":"https:\/\/www.kistamassan.se\/en\/wp-json\/wp\/v2\/pages"}],"about":[{"href":"https:\/\/www.kistamassan.se\/en\/wp-json\/wp\/v2\/types\/page"}],"author":[{"embeddable":true,"href":"https:\/\/www.kistamassan.se\/en\/wp-json\/wp\/v2\/users\/1294"}],"replies":[{"embeddable":true,"href":"https:\/\/www.kistamassan.se\/en\/wp-json\/wp\/v2\/comments?post=12347"}],"version-history":[{"count":5,"href":"https:\/\/www.kistamassan.se\/en\/wp-json\/wp\/v2\/pages\/12347\/revisions"}],"predecessor-version":[{"id":14012,"href":"https:\/\/www.kistamassan.se\/en\/wp-json\/wp\/v2\/pages\/12347\/revisions\/14012"}],"wp:attachment":[{"href":"https:\/\/www.kistamassan.se\/en\/wp-json\/wp\/v2\/media?parent=12347"}],"curies":[{"name":"wp","href":"https:\/\/api.w.org\/{rel}","templated":true}]}}